{"id":537,"date":"2023-04-05T12:39:21","date_gmt":"2023-04-05T12:39:21","guid":{"rendered":"https:\/\/vertis.click.si\/?page_id=537"},"modified":"2023-04-05T13:09:19","modified_gmt":"2023-04-05T13:09:19","slug":"legal-notice","status":"publish","type":"page","link":"https:\/\/vertis.si\/sl\/legal-notice\/","title":{"rendered":"Pravno obvestilo"},"content":{"rendered":"<div data-elementor-type=\"wp-page\" data-elementor-id=\"537\" class=\"elementor elementor-537\" data-elementor-post-type=\"page\">\n\t\t\t\t\t\t<section class=\"elementor-section elementor-top-section elementor-element elementor-element-8b34657 elementor-section-boxed elementor-section-height-default elementor-section-height-default\" data-id=\"8b34657\" data-element_type=\"section\">\n\t\t\t\t\t\t<div class=\"elementor-container elementor-column-gap-default\">\n\t\t\t\t\t<div class=\"elementor-column elementor-col-100 elementor-top-column elementor-element elementor-element-df9aba8\" data-id=\"df9aba8\" data-element_type=\"column\">\n\t\t\t<div class=\"elementor-widget-wrap elementor-element-populated\">\n\t\t\t\t\t\t<div class=\"elementor-element elementor-element-327f6f4 elementor-widget elementor-widget-text-editor\" data-id=\"327f6f4\" data-element_type=\"widget\" data-widget_type=\"text-editor.default\">\n\t\t\t\t<div class=\"elementor-widget-container\">\n\t\t\t\t\t<style>.elementor-element-327f6f4{display:none !important}<\/style>\t\t\t\t<\/div>\n\t\t\t\t<\/div>\n\t\t\t\t<div class=\"elementor-element elementor-element-442f962 elementor-widget elementor-widget-text-editor\" data-id=\"442f962\" data-element_type=\"widget\" data-widget_type=\"text-editor.default\">\n\t\t\t\t<div class=\"elementor-widget-container\">\n\t\t\t\t\t\t\t\t\t<h4><strong>Za\u0161\u010dita pravic<\/strong><\/h4><p>Predmet tega obvestila so spletne strani na naslovu vertis.si.<\/p><p>Vse vsebine na teh spletnih straneh so last podjetja VERTIS PAPER BAGS d.o.o. (v nadaljevanju: VERTIS) in je informativne narave.\u00a0<\/p><p>V podjetju VERTIS smo na\u0161e spletno mesto oblikovali z namenom omogo\u010diti splo\u0161ne informacije o podjetju in novice s poslovnega sveta.<\/p><p>Vstop v katerokoli podro\u010dje spletnega mesta podjetja VERTIS pomeni, da se strinjate z vsemi omejitvami in pogoji, navedenimi tukaj. \u010ce se z njimi ne strinjate, vas prosimo, da na te strani ne vstopate. Svetujemo vam, da obi\u0161\u010dete na\u0161o stran in ponovno pregledate veljavne pogoje uporabe, saj so ti pravno obvezujo\u010di.<\/p><p>Uradne, pravno-formalne informacije o podjetju ter o poslovanju podjetja se lahko razlikujejo od informacij na spletnem mestu podjetja.<br \/><br \/><\/p><h4><strong>Omejitev odgovornosti<\/strong><\/h4><p>VERTIS se bo po najbolj\u0161ih mo\u010deh trudil zagotavljati najbolj to\u010dne in najnovej\u0161e podatke na svojih straneh, vendar uporabnike spletnih strani opozarja, da so besedila informativnega zna\u010daja, zato ne jam\u010di in ne prevzema nobene odgovornosti za njihovo to\u010dnost in celovitost strani. Vsi obiskovalci objavljeno vsebino uporabljajo na lastno odgovornost. VERTIS si pridr\u017euje pravico, da kadarkoli, brez obvestila spremeni, dodaja ali odstrani vsebino teh spletnih strani.<\/p><p>Niti VERTIS niti katerakoli druga pravna ali fizi\u010dna oseba, ki je sodelovala pri nastanku in izdelavi teh spletnih strani, ni odgovorna za ob\u010dasno nedelovanje strani, za morebitno neto\u010dnost informacij in tudi ne za morebitno \u0161kodo, nastalo zaradi uporabe neto\u010dnih ali nepopolnih informacij, zato ne odgovarja za nobeno \u0161kodo ali neprijetnosti, ki bi izhajale iz obstoja spletnih strani, iz dostopa do in\/ali uporabe in\/ali nezmo\u017enosti uporabe informacij na teh spletnih straneh in\/ali za kakr\u0161ne koli napake ali pomanjkljivosti v njihovi vsebini, ne glede na to, ali so bili obve\u0161\u010deni o mo\u017enosti take \u0161kode.<\/p><p>Na spletni strani VERTIS obstajajo tudi povezave na druge spletne strani, reference, partnerji, ki niso v nikakr\u0161ni povezavi z VERTIS. VERTIS ne more jam\u010diti in tudi ne prejemati ali posredovati prito\u017eb glede to\u010dnosti vsebin katerekoli spletne strani, za katero nudi povezavo ali referenco in ne prevzema nobene odgovornosti za za\u0161\u010dito podatkov na teh spletnih straneh.<br \/><br \/><\/p><h4><strong>Avtorske pravice<\/strong><\/h4><p>Vse informacije in podobe, objavljene na spletnem mestu (besedila, fotografije, skice, zemljevidi in na\u010drti, ra\u010dunalni\u0161ki programi) so predmet avtorske za\u0161\u010dite po Zakonu o avtorski in sorodnih pravicah (Uradni list RS, \u0161t. 21\/1995 s spremembami). Uporabljajo se lahko izklju\u010dno za izobra\u017eevalne in nekomercialne namene, pri \u010demer se morajo ohraniti tudi vsa navedena opozorila o avtorski ali drugih pravicah in se ne smejo prepisovati, razmno\u017eevati ali kako druga\u010de raz\u0161irjati v komercialne namene. Na vsaki reprodukciji (kopiranje, reprodukcija, objava, prenos) mora biti kot vir naveden VERTIS.<\/p><p>VERTIS si pridr\u017euje pravico, da kadar koli in kakor koli, delno ali v celoti spremeni, dodaja ali odstrani vsebine, objavljene na tej spletni strani, ne glede na razlog ter brez predhodnega opozorila. Vsi uporabniki vso objavljeno vsebino uporabljajo na lastno odgovornost.<br \/><br \/><\/p><h4><strong>Varovanje zasebnosti<\/strong><\/h4><p>VERTIS se zavezuje, da bo varoval zaupnost osebnih podatkov uporabnikov spletnega mesta. Zbrane podatke bomo uporabili izklju\u010dno za izbolj\u0161anje uporabe spletnega mesta in za namene, za katere jih bodo dali uporabniki spletnega mesta. Osebnih podatkov in kontaktnih informacij ne bomo uporabljali za druge namene ter jih ne bomo brez izrecnega dovoljenja uporabnika spletnega mesta razkrili tretjim strankam. Storili bomo vse, da va\u0161e osebne podatke za\u0161\u010ditimo pred kakr\u0161nimikoli kr\u0161itvami in zlorabami.<\/p>\t\t\t\t\t\t\t\t<\/div>\n\t\t\t\t<\/div>\n\t\t\t\t\t<\/div>\n\t\t<\/div>\n\t\t\t\t\t<\/div>\n\t\t<\/section>\n\t\t\t\t<\/div>","protected":false},"excerpt":{"rendered":"<p>Protection of rights The subject of this notice are the websites at the address vertis.si. All content on these websites is the property of VERTIS PAPER BAGS d.o.o. (hereinafter: VERTIS) and is informative in nature. At VERTIS, we designed our website to provide general information about the company and news from the business world. By [&hellip;]<\/p>","protected":false},"author":1,"featured_media":0,"parent":0,"menu_order":0,"comment_status":"closed","ping_status":"closed","template":"","meta":{"inline_featured_image":false,"_monsterinsights_skip_tracking":false,"_monsterinsights_sitenote_active":false,"_monsterinsights_sitenote_note":"","_monsterinsights_sitenote_category":0,"footnotes":""},"class_list":["post-537","page","type-page","status-publish","hentry"],"aioseo_notices":[],"_links":{"self":[{"href":"https:\/\/vertis.si\/sl\/wp-json\/wp\/v2\/pages\/537","targetHints":{"allow":["GET"]}}],"collection":[{"href":"https:\/\/vertis.si\/sl\/wp-json\/wp\/v2\/pages"}],"about":[{"href":"https:\/\/vertis.si\/sl\/wp-json\/wp\/v2\/types\/page"}],"author":[{"embeddable":true,"href":"https:\/\/vertis.si\/sl\/wp-json\/wp\/v2\/users\/1"}],"replies":[{"embeddable":true,"href":"https:\/\/vertis.si\/sl\/wp-json\/wp\/v2\/comments?post=537"}],"version-history":[{"count":10,"href":"https:\/\/vertis.si\/sl\/wp-json\/wp\/v2\/pages\/537\/revisions"}],"predecessor-version":[{"id":548,"href":"https:\/\/vertis.si\/sl\/wp-json\/wp\/v2\/pages\/537\/revisions\/548"}],"wp:attachment":[{"href":"https:\/\/vertis.si\/sl\/wp-json\/wp\/v2\/media?parent=537"}],"curies":[{"name":"wp","href":"https:\/\/api.w.org\/{rel}","templated":true}]}}